{"id":27472,"date":"2025-02-18T10:12:34","date_gmt":"2025-02-18T10:12:34","guid":{"rendered":"https:\/\/sisop.viktoria.es\/?page_id=27472"},"modified":"2025-02-18T10:12:35","modified_gmt":"2025-02-18T10:12:35","slug":"sisop-2","status":"publish","type":"page","link":"https:\/\/sisop.es\/en\/sisop-2\/","title":{"rendered":"Sisop"},"content":{"rendered":"\n<div class=\"wp-block-uagb-container uagb-block-230d2cc2 alignfull uagb-is-root-container\"><div class=\"uagb-container-inner-blocks-wrap\">\n<div class=\"wp-block-uagb-info-box uagb-block-6f80f11e uagb-infobox__content-wrap  uagb-infobox-icon-above-title uagb-infobox-image-valign-top\"><div class=\"uagb-ifb-content\"><div class=\"uagb-ifb-title-wrap\"><h1 class=\"uagb-ifb-title\"><strong>Nuestros servicios<\/strong><\/h1><\/div><p class=\"uagb-ifb-desc\">En SISOP INFORMATICA ofrecemos un servicio integral para optimizar la tecnolog\u00eda en su negocio. Nuestra consultor\u00eda cubre desde la planificaci\u00f3n hasta la implementaci\u00f3n de soluciones personalizadas.<\/p><div class=\"uagb-ifb-button-wrapper wp-block-button\"><a href=\"\/estrategia\" class=\"uagb-infobox-cta-link wp-block-button__link\" target=\"_self\" rel=\"noopener noreferrer\" onclick=\"return true;\"><span class=\"uagb-inline-editing\">ESTRATEGIA<\/span><\/a><\/div><\/div><\/div>\n<\/div><\/div>\n\n<div class=\"wp-block-uagb-container uagb-block-2b98e199 alignfull uagb-is-root-container\"><div class=\"uagb-container-inner-blocks-wrap\">\n<div class=\"wp-block-uagb-container uagb-block-6a555ea9\">\n<div class=\"wp-block-uagb-container uagb-block-ded00039\">\n<div class=\"wp-block-uagb-info-box uagb-block-54e18913 uagb-infobox__content-wrap  uagb-infobox-icon-above-title uagb-infobox-image-valign-top\"><div class=\"uagb-ifb-content\"><div class=\"uagb-ifb-icon-wrap\"><svg xmlns=\"https:\/\/www.w3.org\/2000\/svg\" viewbox=\"0 0 640 512\"><path d=\"M592 288H576V212.7c0-41.84-30.03-80.04-71.66-84.27C456.5 123.6 416 161.1 416 208V288h-16C373.6 288 352 309.6 352 336v128c0 26.4 21.6 48 48 48h192c26.4 0 48-21.6 48-48v-128C640 309.6 618.4 288 592 288zM496 432c-17.62 0-32-14.38-32-32s14.38-32 32-32s32 14.38 32 32S513.6 432 496 432zM528 288h-64V208c0-17.62 14.38-32 32-32s32 14.38 32 32V288zM224 256c70.7 0 128-57.31 128-128S294.7 0 224 0C153.3 0 96 57.31 96 128S153.3 256 224 256zM320 336c0-8.672 1.738-16.87 4.303-24.7C308.6 306.6 291.9 304 274.7 304H173.3C77.61 304 0 381.7 0 477.4C0 496.5 15.52 512 34.66 512h301.7C326.3 498.6 320 482.1 320 464V336z\"><\/path><\/svg><\/div><div class=\"uagb-ifb-title-wrap\"><h3 class=\"uagb-ifb-title\"><strong>Telecomunicaciones y seguridad inform\u00e1tica<\/strong><\/h3><\/div><p class=\"uagb-ifb-desc\">Garantizamos telecomunicaciones fiables con planificaci\u00f3n, instalaci\u00f3n y gesti\u00f3n completas, incluyendo formaci\u00f3n del personal.<\/p><\/div><\/div>\n<\/div>\n\n\n\n<div class=\"wp-block-uagb-container uagb-block-6b3cf956\">\n<div class=\"wp-block-uagb-info-box uagb-block-eab044fb uagb-infobox__content-wrap  uagb-infobox-icon-above-title uagb-infobox-image-valign-top\"><div class=\"uagb-ifb-content\"><div class=\"uagb-ifb-icon-wrap\"><svg xmlns=\"https:\/\/www.w3.org\/2000\/svg\" viewbox=\"0 0 640 512\"><path d=\"M336 0C362.5 0 384 21.49 384 48V232.2C344.9 264.5 320 313.3 320 368C320 417.5 340.4 462.2 373.3 494.2C364.5 505.1 351.1 512 336 512H240V432C240 405.5 218.5 384 192 384C165.5 384 144 405.5 144 432V512H48C21.49 512 0 490.5 0 464V48C0 21.49 21.49 0 48 0H336zM64 272C64 280.8 71.16 288 80 288H112C120.8 288 128 280.8 128 272V240C128 231.2 120.8 224 112 224H80C71.16 224 64 231.2 64 240V272zM176 224C167.2 224 160 231.2 160 240V272C160 280.8 167.2 288 176 288H208C216.8 288 224 280.8 224 272V240C224 231.2 216.8 224 208 224H176zM256 272C256 280.8 263.2 288 272 288H304C312.8 288 320 280.8 320 272V240C320 231.2 312.8 224 304 224H272C263.2 224 256 231.2 256 240V272zM80 96C71.16 96 64 103.2 64 112V144C64 152.8 71.16 160 80 160H112C120.8 160 128 152.8 128 144V112C128 103.2 120.8 96 112 96H80zM160 144C160 152.8 167.2 160 176 160H208C216.8 160 224 152.8 224 144V112C224 103.2 216.8 96 208 96H176C167.2 96 160 103.2 160 112V144zM272 96C263.2 96 256 103.2 256 112V144C256 152.8 263.2 160 272 160H304C312.8 160 320 152.8 320 144V112C320 103.2 312.8 96 304 96H272zM640 368C640 447.5 575.5 512 496 512C416.5 512 352 447.5 352 368C352 288.5 416.5 224 496 224C575.5 224 640 288.5 640 368zM540.7 324.7L480 385.4L451.3 356.7C445.1 350.4 434.9 350.4 428.7 356.7C422.4 362.9 422.4 373.1 428.7 379.3L468.7 419.3C474.9 425.6 485.1 425.6 491.3 419.3L563.3 347.3C569.6 341.1 569.6 330.9 563.3 324.7C557.1 318.4 546.9 318.4 540.7 324.7H540.7z\"><\/path><\/svg><\/div><div class=\"uagb-ifb-title-wrap\"><h3 class=\"uagb-ifb-title\"><strong>Evaluaciones tecnol\u00f3gicas y auditor\u00edas<\/strong><\/h3><\/div><p class=\"uagb-ifb-desc\">Analizamos su infraestructura IT para detectar vulnerabilidades y optimizar el rendimiento de su red. Proponemos mejoras adaptadas a su presupuesto y necesidades.<\/p><\/div><\/div>\n<\/div>\n\n\n\n<div class=\"wp-block-uagb-container uagb-block-09de160d\">\n<div class=\"wp-block-uagb-info-box uagb-block-8fe588ba uagb-infobox__content-wrap  uagb-infobox-icon-above-title uagb-infobox-image-valign-top\"><div class=\"uagb-ifb-content\"><div class=\"uagb-ifb-icon-wrap\"><svg xmlns=\"https:\/\/www.w3.org\/2000\/svg\" viewbox=\"0 0 576 512\"><path d=\"M384 160C366.3 160 352 145.7 352 128C352 110.3 366.3 96 384 96H544C561.7 96 576 110.3 576 128V288C576 305.7 561.7 320 544 320C526.3 320 512 305.7 512 288V205.3L342.6 374.6C330.1 387.1 309.9 387.1 297.4 374.6L191.1 269.3L54.63 406.6C42.13 419.1 21.87 419.1 9.372 406.6C-3.124 394.1-3.124 373.9 9.372 361.4L169.4 201.4C181.9 188.9 202.1 188.9 214.6 201.4L320 306.7L466.7 159.1L384 160z\"><\/path><\/svg><\/div><div class=\"uagb-ifb-title-wrap\"><h3 class=\"uagb-ifb-title\"><strong>Planificaci\u00f3n estrat\u00e9gica de IT<\/strong><\/h3><\/div><p class=\"uagb-ifb-desc\">Ayudamos a su empresa a invertir en la tecnolog\u00eda adecuada para alcanzar sus objetivos sin exceder su presupuesto, asegurando eficiencia y crecimiento.<\/p><\/div><\/div>\n<\/div>\n<\/div>\n\n\n\n<div class=\"wp-block-uagb-container uagb-block-947d8407\">\n<div class=\"wp-block-uagb-info-box uagb-block-facd3422 uagb-infobox__content-wrap  uagb-infobox-icon-above-title uagb-infobox-image-valign-top wp-block-uagb-info-box--has-margin\"><div class=\"uagb-infobox-margin-wrapper\"><div class=\"uagb-ifb-content\"><div class=\"uagb-ifb-icon-wrap\"><svg xmlns=\"https:\/\/www.w3.org\/2000\/svg\" viewbox=\"0 0 576 512\"><path d=\"M304 16.58C304 7.555 310.1 0 320 0C443.7 0 544 100.3 544 224C544 233 536.4 240 527.4 240H304V16.58zM32 272C32 150.7 122.1 50.34 238.1 34.25C248.2 32.99 256 40.36 256 49.61V288L412.5 444.5C419.2 451.2 418.7 462.2 411 467.7C371.8 495.6 323.8 512 272 512C139.5 512 32 404.6 32 272zM558.4 288C567.6 288 575 295.8 573.8 305C566.1 360.9 539.1 410.6 499.9 447.3C493.9 452.1 484.5 452.5 478.7 446.7L320 288H558.4z\"><\/path><\/svg><\/div><div class=\"uagb-ifb-title-wrap\"><h3 class=\"uagb-ifb-title\"><strong>Servicios adicionales<\/strong><\/h3><\/div><p class=\"uagb-ifb-desc\">Ofrecemos desarrollo y mantenimiento de productos, mejoras de prestaciones y migraci\u00f3n de plataformas para mantener su negocio actualizado.<\/p><div class=\"uagb-ifb-button-wrapper wp-block-button\"><a href=\"https:\/\/sisop.es\/en\/contact\/\" class=\"uagb-infobox-cta-link wp-block-button__link\" target=\"_self\" rel=\"noopener noreferrer\" onclick=\"return true;\"><span class=\"uagb-inline-editing\">CONTACTO<\/span><svg xmlns=\"https:\/\/www.w3.org\/2000\/svg\" viewbox=\"0 0 512 512\"><path d=\"M504.3 273.6l-112.1 104c-6.992 6.484-17.18 8.218-25.94 4.406c-8.758-3.812-14.42-12.45-14.42-21.1L351.9 288H32C14.33 288 .0002 273.7 .0002 255.1S14.33 224 32 224h319.9l0-72c0-9.547 5.66-18.19 14.42-22c8.754-3.809 18.95-2.075 25.94 4.41l112.1 104C514.6 247.9 514.6 264.1 504.3 273.6z\"><\/path><\/svg><\/a><\/div><\/div><\/div><\/div>\n<\/div>\n\n\n\n<div class=\"wp-block-uagb-container uagb-block-4dc8ce78\">\n<figure class=\"wp-block-image size-full\"><img loading=\"lazy\" decoding=\"async\" width=\"1024\" height=\"63\" src=\"https:\/\/sisop.es\/wp-content\/uploads\/2024\/06\/kitdigital-1024x63-1.png\" alt=\"- - -\" class=\"wp-image-27260\" style=\"object-fit:cover\" title=\"Servicios profesionales de\" srcset=\"https:\/\/sisop.es\/wp-content\/uploads\/2024\/06\/kitdigital-1024x63-1.png 1024w, https:\/\/sisop.es\/wp-content\/uploads\/2024\/06\/kitdigital-1024x63-1-300x18.png 300w, https:\/\/sisop.es\/wp-content\/uploads\/2024\/06\/kitdigital-1024x63-1-768x47.png 768w\" sizes=\"auto, (max-width: 1024px) 100vw, 1024px\" \/><\/figure>\n<\/div>\n<\/div><\/div>\n","protected":false},"excerpt":{"rendered":"","protected":false},"author":7,"featured_media":0,"parent":0,"menu_order":0,"comment_status":"closed","ping_status":"closed","template":"","meta":{"_uag_custom_page_level_css":"","site-sidebar-layout":"no-sidebar","site-content-layout":"plain-container","ast-site-content-layout":"full-width-container","site-content-style":"unboxed","site-sidebar-style":"unboxed","ast-global-header-display":"","ast-banner-title-visibility":"","ast-main-header-display":"","ast-hfb-above-header-display":"","ast-hfb-below-header-display":"","ast-hfb-mobile-header-display":"","site-post-title":"disabled","ast-breadcrumbs-content":"","ast-featured-img":"disabled","footer-sml-layout":"","theme-transparent-header-meta":"disabled","adv-header-id-meta":"","stick-header-meta":"","header-above-stick-meta":"","header-main-stick-meta":"","header-below-stick-meta":"","astra-migrate-meta-layouts":"set","ast-page-background-enabled":"default","ast-page-background-meta":{"desktop":{"background-color":"","background-image":"","background-repeat":"repeat","background-position":"center center","background-size":"auto","background-attachment":"scroll","background-type":"","background-media":"","overlay-type":"","overlay-color":"","overlay-opacity":"","overlay-gradient":""},"tablet":{"background-color":"","background-image":"","background-repeat":"repeat","background-position":"center center","background-size":"auto","background-attachment":"scroll","background-type":"","background-media":"","overlay-type":"","overlay-color":"","overlay-opacity":"","overlay-gradient":""},"mobile":{"background-color":"","background-image":"","background-repeat":"repeat","background-position":"center center","background-size":"auto","background-attachment":"scroll","background-type":"","background-media":"","overlay-type":"","overlay-color":"","overlay-opacity":"","overlay-gradient":""}},"ast-content-background-meta":{"desktop":{"background-color":"var(--ast-global-color-5)","background-image":"","background-repeat":"repeat","background-position":"center center","background-size":"auto","background-attachment":"scroll","background-type":"","background-media":"","overlay-type":"","overlay-color":"","overlay-opacity":"","overlay-gradient":""},"tablet":{"background-color":"var(--ast-global-color-5)","background-image":"","background-repeat":"repeat","background-position":"center center","background-size":"auto","background-attachment":"scroll","background-type":"","background-media":"","overlay-type":"","overlay-color":"","overlay-opacity":"","overlay-gradient":""},"mobile":{"background-color":"var(--ast-global-color-5)","background-image":"","background-repeat":"repeat","background-position":"center center","background-size":"auto","background-attachment":"scroll","background-type":"","background-media":"","overlay-type":"","overlay-color":"","overlay-opacity":"","overlay-gradient":""}},"footnotes":""},"class_list":["post-27472","page","type-page","status-publish","hentry"],"uagb_featured_image_src":{"full":false,"thumbnail":false,"medium":false,"medium_large":false,"large":false,"1536x1536":false,"2048x2048":false},"uagb_author_info":{"display_name":"360 group Desarrollador","author_link":"https:\/\/sisop.es\/en\/author\/desarrollador\/"},"uagb_comment_info":0,"uagb_excerpt":null,"_links":{"self":[{"href":"https:\/\/sisop.es\/en\/wp-json\/wp\/v2\/pages\/27472","targetHints":{"allow":["GET"]}}],"collection":[{"href":"https:\/\/sisop.es\/en\/wp-json\/wp\/v2\/pages"}],"about":[{"href":"https:\/\/sisop.es\/en\/wp-json\/wp\/v2\/types\/page"}],"author":[{"embeddable":true,"href":"https:\/\/sisop.es\/en\/wp-json\/wp\/v2\/users\/7"}],"replies":[{"embeddable":true,"href":"https:\/\/sisop.es\/en\/wp-json\/wp\/v2\/comments?post=27472"}],"version-history":[{"count":1,"href":"https:\/\/sisop.es\/en\/wp-json\/wp\/v2\/pages\/27472\/revisions"}],"predecessor-version":[{"id":27473,"href":"https:\/\/sisop.es\/en\/wp-json\/wp\/v2\/pages\/27472\/revisions\/27473"}],"wp:attachment":[{"href":"https:\/\/sisop.es\/en\/wp-json\/wp\/v2\/media?parent=27472"}],"curies":[{"name":"wp","href":"https:\/\/api.w.org\/{rel}","templated":true}]}}