{"id":27466,"date":"2025-02-18T10:09:56","date_gmt":"2025-02-18T10:09:56","guid":{"rendered":"https:\/\/sisop.viktoria.es\/?page_id=27466"},"modified":"2025-02-18T10:09:57","modified_gmt":"2025-02-18T10:09:57","slug":"sisop","status":"publish","type":"page","link":"https:\/\/sisop.es\/en\/sisop\/","title":{"rendered":"Sisop"},"content":{"rendered":"\n<div class=\"wp-block-uagb-container uagb-block-230d2cc2 alignfull uagb-is-root-container\"><div class=\"uagb-container-inner-blocks-wrap\">\n<div class=\"wp-block-uagb-info-box uagb-block-6f80f11e uagb-infobox__content-wrap  uagb-infobox-icon-above-title uagb-infobox-image-valign-top\"><div class=\"uagb-ifb-content\"><div class=\"uagb-ifb-title-wrap\"><h1 class=\"uagb-ifb-title\"><strong>Sisop Sistemas Inform\u00e1ticos<\/strong><\/h1><\/div><p class=\"uagb-ifb-desc\">We connect your business with the digital future. We offer innovative technology solutions and high-quality IT products to drive your growth and keep you at the forefront of innovation.<\/p><div class=\"uagb-ifb-button-wrapper wp-block-button\"><a href=\"https:\/\/sisop.es\/en\/contact\/\" class=\"uagb-infobox-cta-link wp-block-button__link\" target=\"_self\" rel=\"noopener noreferrer\" onclick=\"return true;\"><span class=\"uagb-inline-editing\">Contact<\/span><\/a><\/div><\/div><\/div>\n<\/div><\/div>\n\n<div class=\"wp-block-uagb-container uagb-block-8308453a alignfull uagb-is-root-container\"><div class=\"uagb-container-inner-blocks-wrap\">\n<div class=\"wp-block-uagb-container uagb-block-9babc42b\">\n<div class=\"wp-block-uagb-info-box uagb-block-c223a877 uagb-infobox__content-wrap  uagb-infobox-icon-above-title uagb-infobox-image-valign-top\"><div class=\"uagb-ifb-content\"><div class=\"uagb-ifb-icon-wrap\"><svg xmlns=\"https:\/\/www.w3.org\/2000\/svg\" viewbox=\"0 0 512 512\"><path d=\"M187.7 153.7c-34 0-61.7 25.7-61.7 57.7 0 31.7 27.7 57.7 61.7 57.7s61.7-26 61.7-57.7c0-32-27.7-57.7-61.7-57.7zm143.4 0c-34 0-61.7 25.7-61.7 57.7 0 31.7 27.7 57.7 61.7 57.7 34.3 0 61.7-26 61.7-57.7 .1-32-27.4-57.7-61.7-57.7zm156.6 90l-6 4.3V49.7c0-27.4-20.6-49.7-46-49.7H76.6c-25.4 0-46 22.3-46 49.7V248c-2-1.4-4.3-2.9-6.3-4.3-15.1-10.6-25.1 4-16 17.7 18.3 22.6 53.1 50.3 106.3 72C58.3 525.1 252 555.7 248.9 457.5c0-.7 .3-56.6 .3-96.6 5.1 1.1 9.4 2.3 13.7 3.1 0 39.7 .3 92.8 .3 93.5-3.1 98.3 190.6 67.7 134.3-124 53.1-21.7 88-49.4 106.3-72 9.1-13.8-.9-28.3-16.1-17.8zm-30.5 19.2c-68.9 37.4-128.3 31.1-160.6 29.7-23.7-.9-32.6 9.1-33.7 24.9-10.3-7.7-18.6-15.5-20.3-17.1-5.1-5.4-13.7-8-27.1-7.7-31.7 1.1-89.7 7.4-157.4-28V72.3c0-34.9 8.9-45.7 40.6-45.7h317.7c30.3 0 40.9 12.9 40.9 45.7v190.6z\"><\/path><\/svg><\/div><div class=\"uagb-ifb-title-wrap\"><h3 class=\"uagb-ifb-title\"><strong>Tecnolog\u00eda a medida para su empresa<\/strong><\/h3><\/div><p class=\"uagb-ifb-desc\">En SISOP, ofrecemos soluciones tecnol\u00f3gicas personalizadas para peque\u00f1as y medianas empresas. Implementamos sistemas inform\u00e1ticos seguros, fiables y adaptados a sus necesidades espec\u00edficas.<\/p><\/div><\/div>\n<\/div>\n\n\n\n<div class=\"wp-block-uagb-container uagb-block-680df5b2\">\n<div class=\"wp-block-uagb-info-box uagb-block-75a8b955 uagb-infobox__content-wrap  uagb-infobox-icon-above-title uagb-infobox-image-valign-top\"><div class=\"uagb-ifb-content\"><div class=\"uagb-ifb-icon-wrap\"><svg xmlns=\"https:\/\/www.w3.org\/2000\/svg\" viewbox=\"0 0 512 512\"><path d=\"M156.6 384.9L125.7 353.1C117.2 345.5 114.2 333.1 117.1 321.8C120.1 312.9 124.1 301.3 129.8 288H24C15.38 288 7.414 283.4 3.146 275.9C-1.123 268.4-1.042 259.2 3.357 251.8L55.83 163.3C68.79 141.4 92.33 127.1 117.8 127.1H200C202.4 124 204.8 120.3 207.2 116.7C289.1-4.07 411.1-8.142 483.9 5.275C495.6 7.414 504.6 16.43 506.7 28.06C520.1 100.9 516.1 222.9 395.3 304.8C391.8 307.2 387.1 309.6 384 311.1V394.2C384 419.7 370.6 443.2 348.7 456.2L260.2 508.6C252.8 513 243.6 513.1 236.1 508.9C228.6 504.6 224 496.6 224 488V380.8C209.9 385.6 197.6 389.7 188.3 392.7C177.1 396.3 164.9 393.2 156.6 384.9V384.9zM384 167.1C406.1 167.1 424 150.1 424 127.1C424 105.9 406.1 87.1 384 87.1C361.9 87.1 344 105.9 344 127.1C344 150.1 361.9 167.1 384 167.1z\"><\/path><\/svg><\/div><div class=\"uagb-ifb-title-wrap\"><h3 class=\"uagb-ifb-title\"><strong>Consultor\u00eda y servicios IT integrales<\/strong><\/h3><\/div><p class=\"uagb-ifb-desc\">Desde la planificaci\u00f3n hasta la implementaci\u00f3n, brindamos asesoramiento experto y aplicaciones tecnol\u00f3gicas innovadoras para optimizar el rendimiento de su negocio.<\/p><\/div><\/div>\n<\/div>\n\n\n\n<div class=\"wp-block-uagb-container uagb-block-44d2fdca\">\n<div class=\"wp-block-uagb-info-box uagb-block-b12170d6 uagb-infobox__content-wrap  uagb-infobox-icon-above-title uagb-infobox-image-valign-top\"><div class=\"uagb-ifb-content\"><div class=\"uagb-ifb-icon-wrap\"><svg xmlns=\"https:\/\/www.w3.org\/2000\/svg\" viewbox=\"0 0 448 512\"><path d=\"M0 32c477.6 0 366.6 317.3 367.1 366.3L448 480h-26l-70.4-71.2c-39 4.2-124.4 34.5-214.4-37C47 300.3 52 214.7 0 32zm79.7 46c-49.7-23.5-5.2 9.2-5.2 9.2 45.2 31.2 66 73.7 90.2 119.9 31.5 60.2 79 139.7 144.2 167.7 65 28 34.2 12.5 6-8.5-28.2-21.2-68.2-87-91-130.2-31.7-60-61-118.6-144.2-158.1z\"><\/path><\/svg><\/div><div class=\"uagb-ifb-title-wrap\"><h3 class=\"uagb-ifb-title\"><strong>Optimice su empresa con nuestra tecnolog\u00eda<\/strong><\/h3><\/div><p class=\"uagb-ifb-desc\">Nos encargamos de la gesti\u00f3n tecnol\u00f3gica para que usted se enfoque en su negocio. Descubra c\u00f3mo nuestras soluciones pueden impulsar su crecimiento.<\/p><\/div><\/div>\n<\/div>\n<\/div><\/div>\n\n<div class=\"wp-block-uagb-container uagb-block-41d71845 alignfull uagb-is-root-container\"><div class=\"uagb-container-inner-blocks-wrap\">\n<div class=\"wp-block-uagb-advanced-heading uagb-block-423b721d\"><h2 class=\"uagb-heading-text\">Some of Our Clients<\/h2><\/div>\n\n\n\n<div class=\"wp-block-uagb-container uagb-layout-grid uagb-block-51789c3b\">\n<div class=\"wp-block-uagb-container uagb-block-7f7e1bff\">\n<div class=\"wp-block-uagb-testimonial uagb-slick-carousel uagb-tm__arrow-outside uagb-block-5b5e3dc4 uagb-post__carousel_notset uagb-post__carousel_notset-tablet uagb-post__carousel_notset-mobile\"><div class=\"is-carousel uagb-tm__columns-1 uagb-tm__items\"><div class=\"uagb-testimonial__wrap  uagb-tm__imgicon-style-circle uagb-tm__image-position-bottom uagb-tm__bg-type-none \"><div class=\"uagb-tm__content\"><div class=\"uagb-tm__overlay\"><\/div><div class=\"uagb-tm__text-wrap\"><div class=\"uagb-tm__desc\">Impressive selection of technologically advanced products and first class customer service. They really connect you to the digital future.<\/div><div class=\"uagb-tm__meta-inner\"><div class=\"uagb-tm__image-content\"><div class=\"uagb-tm__image\"><img decoding=\"async\" class=\"uagb-tm-img-src\" src=\"https:\/\/websitedemos.net\/learndash-academy-08\/wp-content\/uploads\/sites\/691\/2019\/05\/testimonial4-free-img-150x150.jpg\" alt=\"- - -\" width=\"60\" height=\"60\" loading=\"lazy\" title=\"Servicios profesionales de\"><\/div><\/div><div class=\"uagb-testimonial-details\"><span class=\"uagb-tm__author-name\">Antonio Perez<\/span><span class=\"uagb-tm__company\">Maspalomas, Las Palmas<\/span><\/div><\/div><\/div><\/div><\/div><\/div><\/div>\n<\/div>\n\n\n\n<div class=\"wp-block-uagb-container uagb-block-346853dd\">\n<div class=\"wp-block-uagb-testimonial uagb-slick-carousel uagb-tm__arrow-outside uagb-block-bb8c01c7 uagb-post__carousel_notset uagb-post__carousel_notset-tablet uagb-post__carousel_notset-mobile\"><div class=\"is-carousel uagb-tm__columns-1 uagb-tm__items\"><div class=\"uagb-testimonial__wrap  uagb-tm__imgicon-style-circle uagb-tm__image-position-bottom uagb-tm__bg-type-none \"><div class=\"uagb-tm__content\"><div class=\"uagb-tm__overlay\"><\/div><div class=\"uagb-tm__text-wrap\"><div class=\"uagb-tm__desc\">  I am very pleased with my recent computer purchase! The products are high quality and really help propel my business into the future!<\/div><div class=\"uagb-tm__meta-inner\"><div class=\"uagb-tm__image-content\"><div class=\"uagb-tm__image\"><img decoding=\"async\" class=\"uagb-tm-img-src\" src=\"https:\/\/websitedemos.net\/learndash-academy-08\/wp-content\/uploads\/sites\/691\/2019\/05\/testimonial1-free-img-150x150.jpg\" alt=\"- - -\" width=\"60\" height=\"60\" loading=\"lazy\" title=\"Servicios profesionales de\"><\/div><\/div><div class=\"uagb-testimonial-details\"><span class=\"uagb-tm__author-name\"><strong>Maria Hernandez<\/strong><\/span><span class=\"uagb-tm__company\">Las Palmas de Gran Canaria<\/span><\/div><\/div><\/div><\/div><\/div><\/div><\/div>\n<\/div>\n\n\n\n<div class=\"wp-block-uagb-container uagb-block-a7f272f2\">\n<div class=\"wp-block-uagb-testimonial uagb-slick-carousel uagb-tm__arrow-outside uagb-block-3cb7a997 uagb-post__carousel_notset uagb-post__carousel_notset-tablet uagb-post__carousel_notset-mobile\"><div class=\"is-carousel uagb-tm__columns-1 uagb-tm__items\"><div class=\"uagb-testimonial__wrap  uagb-tm__imgicon-style-circle uagb-tm__image-position-bottom uagb-tm__bg-type-none \"><div class=\"uagb-tm__content\"><div class=\"uagb-tm__overlay\"><\/div><div class=\"uagb-tm__text-wrap\"><div class=\"uagb-tm__desc\">Descubriendo la diferencia que la tecnolog\u00eda correcta puede hacer con Sisop. Mantienen mi negocio a la vanguardia de la innovaci\u00f3n y no puedo esperar a ver qu\u00e9 es lo pr\u00f3ximo.<\/div><div class=\"uagb-tm__meta-inner\"><div class=\"uagb-tm__image-content\"><div class=\"uagb-tm__image\"><img decoding=\"async\" class=\"uagb-tm-img-src\" src=\"https:\/\/sisop.es\/wp-content\/uploads\/2024\/06\/tecnologia-tenerife-e1717927798736-150x150.jpg\" alt=\"- - -\" width=\"60\" height=\"60\" loading=\"lazy\" title=\"Servicios profesionales de\"><\/div><\/div><div class=\"uagb-testimonial-details\"><span class=\"uagb-tm__author-name\">Francisco Garcia<\/span><span class=\"uagb-tm__company\">Santa Cruz de Tenerife<\/span><\/div><\/div><\/div><\/div><\/div><\/div><\/div>\n<\/div>\n\n\n\n<div class=\"wp-block-uagb-container uagb-block-a3756b57\">\n<div class=\"wp-block-uagb-testimonial uagb-slick-carousel uagb-tm__arrow-outside uagb-block-86a1770f uagb-post__carousel_notset uagb-post__carousel_notset-tablet uagb-post__carousel_notset-mobile\"><div class=\"is-carousel uagb-tm__columns-1 uagb-tm__items\"><div class=\"uagb-testimonial__wrap  uagb-tm__imgicon-style-circle uagb-tm__image-position-bottom uagb-tm__bg-type-none \"><div class=\"uagb-tm__content\"><div class=\"uagb-tm__overlay\"><\/div><div class=\"uagb-tm__text-wrap\"><div class=\"uagb-tm__desc\">Asociarme con Sisop ha sido una de las mejores decisiones para mi negocio. Su enfoque innovador y su amplia gama de soluciones tecnol\u00f3gicas han sido fundamentales para mantenerme competitivo en la era digital.<\/div><div class=\"uagb-tm__meta-inner\"><div class=\"uagb-tm__image-content\"><div class=\"uagb-tm__image\"><img decoding=\"async\" class=\"uagb-tm-img-src\" src=\"https:\/\/sisop.es\/wp-content\/uploads\/2024\/06\/tecnologia-tenerife-02-e1717928066729-150x150.jpg\" alt=\"- - -\" width=\"60\" height=\"60\" loading=\"lazy\" title=\"Servicios profesionales de\"><\/div><\/div><div class=\"uagb-testimonial-details\"><span class=\"uagb-tm__author-name\"><strong><strong>Sonia Lopez<\/strong><\/strong><\/span><span class=\"uagb-tm__company\">Adeje, Tenerife<\/span><\/div><\/div><\/div><\/div><\/div><\/div><\/div>\n<\/div>\n<\/div>\n<\/div><\/div>\n\n<div class=\"wp-block-uagb-container uagb-block-0c92cd6e alignfull uagb-is-root-container\"><div class=\"uagb-container-inner-blocks-wrap\">\n<div class=\"wp-block-uagb-container uagb-block-8bae1f1c\">\n<div class=\"wp-block-uagb-container uagb-block-7fc403ff\">\n<div class=\"wp-block-uagb-advanced-heading uagb-block-fe888fd8\"><h3 class=\"uagb-heading-text\">PROVEEDORES:<\/h3><\/div>\n<\/div>\n\n\n\n<div class=\"wp-block-uagb-container uagb-block-3c1224fe\">\n<div class=\"wp-block-uagb-image aligncenter uagb-block-0f12e37e wp-block-uagb-image--layout-default wp-block-uagb-image--effect-static wp-block-uagb-image--align-center\"><figure class=\"wp-block-uagb-image__figure\"><img decoding=\"async\" srcset=\"https:\/\/sisop.es\/wp-content\/uploads\/2024\/06\/dell.png ,https:\/\/sisop.es\/wp-content\/uploads\/2024\/06\/dell.png 780w, https:\/\/sisop.es\/wp-content\/uploads\/2024\/06\/dell.png 360w\" sizes=\"auto, (max-width: 480px) 150px\" src=\"https:\/\/sisop.es\/wp-content\/uploads\/2024\/06\/dell.png\" alt=\"- - -\" class=\"uag-image-27287\" width=\"179\" height=\"30\" title=\"dell\" loading=\"lazy\" role=\"img\"><\/figure><\/div>\n\n\n\n<div class=\"wp-block-uagb-image aligncenter uagb-block-8a7422da wp-block-uagb-image--layout-default wp-block-uagb-image--effect-static wp-block-uagb-image--align-center\"><figure class=\"wp-block-uagb-image__figure\"><img decoding=\"async\" srcset=\"https:\/\/sisop.es\/wp-content\/uploads\/2024\/06\/honeywell.png ,https:\/\/sisop.es\/wp-content\/uploads\/2024\/06\/honeywell.png 780w, https:\/\/sisop.es\/wp-content\/uploads\/2024\/06\/honeywell.png 360w\" sizes=\"auto, (max-width: 480px) 150px\" src=\"https:\/\/sisop.es\/wp-content\/uploads\/2024\/06\/honeywell.png\" alt=\"- - -\" class=\"uag-image-27281\" width=\"179\" height=\"30\" title=\"honeywell\" loading=\"lazy\" role=\"img\"><\/figure><\/div>\n\n\n\n<div class=\"wp-block-uagb-image aligncenter uagb-block-53a62fd2 wp-block-uagb-image--layout-default wp-block-uagb-image--effect-static wp-block-uagb-image--align-center\"><figure class=\"wp-block-uagb-image__figure\"><img decoding=\"async\" srcset=\"https:\/\/sisop.es\/wp-content\/uploads\/2024\/06\/LOGO-360.png ,https:\/\/sisop.es\/wp-content\/uploads\/2024\/06\/LOGO-360.png 780w, https:\/\/sisop.es\/wp-content\/uploads\/2024\/06\/LOGO-360.png 360w\" sizes=\"auto, (max-width: 480px) 150px\" src=\"https:\/\/sisop.es\/wp-content\/uploads\/2024\/06\/LOGO-360.png\" alt=\"- - -\" class=\"uag-image-27273\" width=\"179\" height=\"30\" title=\"LOGO-360\" loading=\"lazy\" role=\"img\"><\/figure><\/div>\n\n\n\n<div class=\"wp-block-uagb-image aligncenter uagb-block-6eaa55c9 wp-block-uagb-image--layout-default wp-block-uagb-image--effect-static wp-block-uagb-image--align-center\"><figure class=\"wp-block-uagb-image__figure\"><img decoding=\"async\" srcset=\"https:\/\/sisop.es\/wp-content\/uploads\/2024\/06\/hewlett-packard.png ,https:\/\/sisop.es\/wp-content\/uploads\/2024\/06\/hewlett-packard.png 780w, https:\/\/sisop.es\/wp-content\/uploads\/2024\/06\/hewlett-packard.png 360w\" sizes=\"auto, (max-width: 480px) 150px\" src=\"https:\/\/sisop.es\/wp-content\/uploads\/2024\/06\/hewlett-packard.png\" alt=\"- - -\" class=\"uag-image-27284\" width=\"178\" height=\"30\" title=\"hewlett-packard\" loading=\"lazy\" role=\"img\"><\/figure><\/div>\n\n\n\n<div class=\"wp-block-uagb-image aligncenter uagb-block-c99e8b75 wp-block-uagb-image--layout-default wp-block-uagb-image--effect-static wp-block-uagb-image--align-center\"><figure class=\"wp-block-uagb-image__figure\"><img decoding=\"async\" srcset=\"https:\/\/sisop.es\/wp-content\/uploads\/2024\/06\/lenovo-4.png ,https:\/\/sisop.es\/wp-content\/uploads\/2024\/06\/lenovo-4.png 780w, https:\/\/sisop.es\/wp-content\/uploads\/2024\/06\/lenovo-4.png 360w\" sizes=\"auto, (max-width: 480px) 150px\" src=\"https:\/\/sisop.es\/wp-content\/uploads\/2024\/06\/lenovo-4.png\" alt=\"- - -\" class=\"uag-image-27298\" width=\"178\" height=\"30\" title=\"lenovo\" loading=\"lazy\" role=\"img\"><\/figure><\/div>\n<\/div>\n<\/div>\n<\/div><\/div>\n\n<div class=\"wp-block-uagb-container uagb-block-2b98e199 alignfull uagb-is-root-container\"><div class=\"uagb-container-inner-blocks-wrap\">\n<div class=\"wp-block-uagb-container uagb-block-6a555ea9\">\n<div class=\"wp-block-uagb-container uagb-block-ded00039\">\n<div class=\"wp-block-uagb-info-box uagb-block-54e18913 uagb-infobox__content-wrap  uagb-infobox-icon-above-title uagb-infobox-image-valign-top\"><div class=\"uagb-ifb-content\"><div class=\"uagb-ifb-icon-wrap\"><svg xmlns=\"https:\/\/www.w3.org\/2000\/svg\" viewbox=\"0 0 640 512\"><path d=\"M592 288H576V212.7c0-41.84-30.03-80.04-71.66-84.27C456.5 123.6 416 161.1 416 208V288h-16C373.6 288 352 309.6 352 336v128c0 26.4 21.6 48 48 48h192c26.4 0 48-21.6 48-48v-128C640 309.6 618.4 288 592 288zM496 432c-17.62 0-32-14.38-32-32s14.38-32 32-32s32 14.38 32 32S513.6 432 496 432zM528 288h-64V208c0-17.62 14.38-32 32-32s32 14.38 32 32V288zM224 256c70.7 0 128-57.31 128-128S294.7 0 224 0C153.3 0 96 57.31 96 128S153.3 256 224 256zM320 336c0-8.672 1.738-16.87 4.303-24.7C308.6 306.6 291.9 304 274.7 304H173.3C77.61 304 0 381.7 0 477.4C0 496.5 15.52 512 34.66 512h301.7C326.3 498.6 320 482.1 320 464V336z\"><\/path><\/svg><\/div><div class=\"uagb-ifb-title-wrap\"><h3 class=\"uagb-ifb-title\"><strong>Seguridad y eficiencia para su negocio<\/strong><\/h3><\/div><p class=\"uagb-ifb-desc\">Proteja su empresa con soluciones tecnol\u00f3gicas seguras y eficientes. Implementamos sistemas que garantizan estabilidad y rendimiento \u00f3ptimo.<\/p><\/div><\/div>\n<\/div>\n\n\n\n<div class=\"wp-block-uagb-container uagb-block-6b3cf956\">\n<div class=\"wp-block-uagb-info-box uagb-block-eab044fb uagb-infobox__content-wrap  uagb-infobox-icon-above-title uagb-infobox-image-valign-top\"><div class=\"uagb-ifb-content\"><div class=\"uagb-ifb-icon-wrap\"><svg xmlns=\"https:\/\/www.w3.org\/2000\/svg\" viewbox=\"0 0 640 512\"><path d=\"M336 0C362.5 0 384 21.49 384 48V232.2C344.9 264.5 320 313.3 320 368C320 417.5 340.4 462.2 373.3 494.2C364.5 505.1 351.1 512 336 512H240V432C240 405.5 218.5 384 192 384C165.5 384 144 405.5 144 432V512H48C21.49 512 0 490.5 0 464V48C0 21.49 21.49 0 48 0H336zM64 272C64 280.8 71.16 288 80 288H112C120.8 288 128 280.8 128 272V240C128 231.2 120.8 224 112 224H80C71.16 224 64 231.2 64 240V272zM176 224C167.2 224 160 231.2 160 240V272C160 280.8 167.2 288 176 288H208C216.8 288 224 280.8 224 272V240C224 231.2 216.8 224 208 224H176zM256 272C256 280.8 263.2 288 272 288H304C312.8 288 320 280.8 320 272V240C320 231.2 312.8 224 304 224H272C263.2 224 256 231.2 256 240V272zM80 96C71.16 96 64 103.2 64 112V144C64 152.8 71.16 160 80 160H112C120.8 160 128 152.8 128 144V112C128 103.2 120.8 96 112 96H80zM160 144C160 152.8 167.2 160 176 160H208C216.8 160 224 152.8 224 144V112C224 103.2 216.8 96 208 96H176C167.2 96 160 103.2 160 112V144zM272 96C263.2 96 256 103.2 256 112V144C256 152.8 263.2 160 272 160H304C312.8 160 320 152.8 320 144V112C320 103.2 312.8 96 304 96H272zM640 368C640 447.5 575.5 512 496 512C416.5 512 352 447.5 352 368C352 288.5 416.5 224 496 224C575.5 224 640 288.5 640 368zM540.7 324.7L480 385.4L451.3 356.7C445.1 350.4 434.9 350.4 428.7 356.7C422.4 362.9 422.4 373.1 428.7 379.3L468.7 419.3C474.9 425.6 485.1 425.6 491.3 419.3L563.3 347.3C569.6 341.1 569.6 330.9 563.3 324.7C557.1 318.4 546.9 318.4 540.7 324.7H540.7z\"><\/path><\/svg><\/div><div class=\"uagb-ifb-title-wrap\"><h3 class=\"uagb-ifb-title\"><strong>Soporte y mantenimiento continuo<\/strong><\/h3><\/div><p class=\"uagb-ifb-desc\">Ofrecemos asistencia t\u00e9cnica y mantenimiento proactivo para que su infraestructura IT funcione sin interrupciones. Su tranquilidad es nuestra prioridad.<\/p><\/div><\/div>\n<\/div>\n\n\n\n<div class=\"wp-block-uagb-container uagb-block-09de160d\">\n<div class=\"wp-block-uagb-info-box uagb-block-8fe588ba uagb-infobox__content-wrap  uagb-infobox-icon-above-title uagb-infobox-image-valign-top\"><div class=\"uagb-ifb-content\"><div class=\"uagb-ifb-icon-wrap\"><svg xmlns=\"https:\/\/www.w3.org\/2000\/svg\" viewbox=\"0 0 576 512\"><path d=\"M384 160C366.3 160 352 145.7 352 128C352 110.3 366.3 96 384 96H544C561.7 96 576 110.3 576 128V288C576 305.7 561.7 320 544 320C526.3 320 512 305.7 512 288V205.3L342.6 374.6C330.1 387.1 309.9 387.1 297.4 374.6L191.1 269.3L54.63 406.6C42.13 419.1 21.87 419.1 9.372 406.6C-3.124 394.1-3.124 373.9 9.372 361.4L169.4 201.4C181.9 188.9 202.1 188.9 214.6 201.4L320 306.7L466.7 159.1L384 160z\"><\/path><\/svg><\/div><div class=\"uagb-ifb-title-wrap\"><h3 class=\"uagb-ifb-title\"><strong>Innovaci\u00f3n y crecimiento empresarial<\/strong><\/h3><\/div><p class=\"uagb-ifb-desc\">Aproveche la tecnolog\u00eda para impulsar su negocio. Optimizamos procesos y mejoramos su competitividad con soluciones a medida.<\/p><\/div><\/div>\n<\/div>\n<\/div>\n\n\n\n<div class=\"wp-block-uagb-container uagb-block-4dc8ce78\">\n<figure class=\"wp-block-image size-full\"><img loading=\"lazy\" decoding=\"async\" width=\"1024\" height=\"63\" src=\"https:\/\/sisop.es\/wp-content\/uploads\/2024\/06\/kitdigital-1024x63-1.png\" alt=\"- - -\" class=\"wp-image-27260\" style=\"object-fit:cover\" title=\"Servicios profesionales de\" srcset=\"https:\/\/sisop.es\/wp-content\/uploads\/2024\/06\/kitdigital-1024x63-1.png 1024w, https:\/\/sisop.es\/wp-content\/uploads\/2024\/06\/kitdigital-1024x63-1-300x18.png 300w, https:\/\/sisop.es\/wp-content\/uploads\/2024\/06\/kitdigital-1024x63-1-768x47.png 768w\" sizes=\"auto, (max-width: 1024px) 100vw, 1024px\" \/><\/figure>\n<\/div>\n<\/div><\/div>\n","protected":false},"excerpt":{"rendered":"<p>Some of Our Clients PROVEEDORES:<\/p>\n","protected":false},"author":7,"featured_media":0,"parent":0,"menu_order":0,"comment_status":"closed","ping_status":"closed","template":"","meta":{"_uag_custom_page_level_css":"","site-sidebar-layout":"no-sidebar","site-content-layout":"plain-container","ast-site-content-layout":"full-width-container","site-content-style":"unboxed","site-sidebar-style":"unboxed","ast-global-header-display":"","ast-banner-title-visibility":"","ast-main-header-display":"","ast-hfb-above-header-display":"","ast-hfb-below-header-display":"","ast-hfb-mobile-header-display":"","site-post-title":"disabled","ast-breadcrumbs-content":"","ast-featured-img":"disabled","footer-sml-layout":"","theme-transparent-header-meta":"disabled","adv-header-id-meta":"","stick-header-meta":"","header-above-stick-meta":"","header-main-stick-meta":"","header-below-stick-meta":"","astra-migrate-meta-layouts":"set","ast-page-background-enabled":"default","ast-page-background-meta":{"desktop":{"background-color":"","background-image":"","background-repeat":"repeat","background-position":"center center","background-size":"auto","background-attachment":"scroll","background-type":"","background-media":"","overlay-type":"","overlay-color":"","overlay-opacity":"","overlay-gradient":""},"tablet":{"background-color":"","background-image":"","background-repeat":"repeat","background-position":"center center","background-size":"auto","background-attachment":"scroll","background-type":"","background-media":"","overlay-type":"","overlay-color":"","overlay-opacity":"","overlay-gradient":""},"mobile":{"background-color":"","background-image":"","background-repeat":"repeat","background-position":"center center","background-size":"auto","background-attachment":"scroll","background-type":"","background-media":"","overlay-type":"","overlay-color":"","overlay-opacity":"","overlay-gradient":""}},"ast-content-background-meta":{"desktop":{"background-color":"var(--ast-global-color-5)","background-image":"","background-repeat":"repeat","background-position":"center center","background-size":"auto","background-attachment":"scroll","background-type":"","background-media":"","overlay-type":"","overlay-color":"","overlay-opacity":"","overlay-gradient":""},"tablet":{"background-color":"var(--ast-global-color-5)","background-image":"","background-repeat":"repeat","background-position":"center center","background-size":"auto","background-attachment":"scroll","background-type":"","background-media":"","overlay-type":"","overlay-color":"","overlay-opacity":"","overlay-gradient":""},"mobile":{"background-color":"var(--ast-global-color-5)","background-image":"","background-repeat":"repeat","background-position":"center center","background-size":"auto","background-attachment":"scroll","background-type":"","background-media":"","overlay-type":"","overlay-color":"","overlay-opacity":"","overlay-gradient":""}},"footnotes":""},"class_list":["post-27466","page","type-page","status-publish","hentry"],"uagb_featured_image_src":{"full":false,"thumbnail":false,"medium":false,"medium_large":false,"large":false,"1536x1536":false,"2048x2048":false},"uagb_author_info":{"display_name":"360 group Desarrollador","author_link":"https:\/\/sisop.es\/en\/author\/desarrollador\/"},"uagb_comment_info":0,"uagb_excerpt":"Some of Our Clients PROVEEDORES:","_links":{"self":[{"href":"https:\/\/sisop.es\/en\/wp-json\/wp\/v2\/pages\/27466","targetHints":{"allow":["GET"]}}],"collection":[{"href":"https:\/\/sisop.es\/en\/wp-json\/wp\/v2\/pages"}],"about":[{"href":"https:\/\/sisop.es\/en\/wp-json\/wp\/v2\/types\/page"}],"author":[{"embeddable":true,"href":"https:\/\/sisop.es\/en\/wp-json\/wp\/v2\/users\/7"}],"replies":[{"embeddable":true,"href":"https:\/\/sisop.es\/en\/wp-json\/wp\/v2\/comments?post=27466"}],"version-history":[{"count":1,"href":"https:\/\/sisop.es\/en\/wp-json\/wp\/v2\/pages\/27466\/revisions"}],"predecessor-version":[{"id":27467,"href":"https:\/\/sisop.es\/en\/wp-json\/wp\/v2\/pages\/27466\/revisions\/27467"}],"wp:attachment":[{"href":"https:\/\/sisop.es\/en\/wp-json\/wp\/v2\/media?parent=27466"}],"curies":[{"name":"wp","href":"https:\/\/api.w.org\/{rel}","templated":true}]}}